{"id":4996,"date":"2021-03-17T10:44:01","date_gmt":"2021-03-17T09:44:01","guid":{"rendered":"http:\/\/www.royautomobiles.fr\/?page_id=4996"},"modified":"2026-05-07T09:38:04","modified_gmt":"2026-05-07T07:38:04","slug":"avis","status":"publish","type":"page","link":"https:\/\/www.royautomobiles.fr\/index.php\/avis\/","title":{"rendered":"Avis clients"},"content":{"rendered":"<!-- sktbuilder starter --><script type=\"text\/javascript\" src=\"https:\/\/www.royautomobiles.fr\/wp-content\/plugins\/skt-builder\/sktbuilder\/sktbuilder-frontend-starter.js\"><\/script><script type=\"text\/javascript\" src=\"https:\/\/www.royautomobiles.fr\/wp-content\/plugins\/skt-builder\/sktbuilder-wordpress-driver.js\"><\/script><script type=\"text\/javascript\"> var starter = new SktbuilderStarter({\"mode\": \"prod\", \"skip\":[\"jquery\",\"underscore\",\"backbone\"],\"sktbuilderUrl\": \"https:\/\/www.royautomobiles.fr\/wp-content\/plugins\/skt-builder\/sktbuilder\/\", \"driver\": new SktbuilderWordpressDriver({\"ajaxUrl\": \"https:\/\/www.royautomobiles.fr\/wp-admin\/admin-ajax.php\", \"iframeUrl\": \"https:\/\/www.royautomobiles.fr\/index.php\/avis\/?sktbuilder=true\", \"pageId\": 4996,  \"nonce\": \"6b5c03e232\", \"pages\": [{\"title\":\"Accueil\",\"url\":\"https:\\\/\\\/www.royautomobiles.fr\\\/wp-admin\\\/post.php?post=4766&action=sktbuilder\"}], \"page\": \"Avis clients\" }) });<\/script><!-- end sktbuilder starter -->","protected":false},"excerpt":{"rendered":"","protected":false},"author":1,"featured_media":0,"parent":0,"menu_order":0,"comment_status":"closed","ping_status":"closed","template":"templates\/testimonials_template.php","meta":{"footnotes":""},"class_list":["post-4996","page","type-page","status-publish","hentry"],"yoast_head":"<!-- This site is optimized with the Yoast SEO Premium plugin v27.5 (Yoast SEO v27.5) - https:\/\/yoast.com\/product\/yoast-seo-premium-wordpress\/ -->\n<title>Avis clients - Roy Automobiles<\/title>\n<meta name=\"description\" content=\"Explorez les avis clients Roy Automobiles pour des exp\u00e9riences authentiques et des recommandations sur nos services.\" \/>\n<meta name=\"robots\" content=\"index, follow, max-snippet:-1, max-image-preview:large, max-video-preview:-1\" \/>\n<link rel=\"canonical\" href=\"https:\/\/www.royautomobiles.fr\/index.php\/avis\/\" \/>\n<meta property=\"og:locale\" content=\"fr_FR\" \/>\n<meta property=\"og:type\" content=\"article\" \/>\n<meta property=\"og:title\" content=\"Avis clients\" \/>\n<meta property=\"og:description\" content=\"Explorez les avis clients Roy Automobiles pour des exp\u00e9riences authentiques et des recommandations sur nos services.\" \/>\n<meta property=\"og:url\" content=\"https:\/\/www.royautomobiles.fr\/index.php\/avis\/\" \/>\n<meta property=\"og:site_name\" content=\"Roy Automobiles\" \/>\n<meta property=\"article:modified_time\" content=\"2026-05-07T07:38:04+00:00\" \/>\n<meta name=\"twitter:card\" content=\"summary_large_image\" \/>\n<script type=\"application\/ld+json\" class=\"yoast-schema-graph\">{\"@context\":\"https:\\\/\\\/schema.org\",\"@graph\":[{\"@type\":\"WebPage\",\"@id\":\"https:\\\/\\\/www.royautomobiles.fr\\\/index.php\\\/avis\\\/\",\"url\":\"https:\\\/\\\/www.royautomobiles.fr\\\/index.php\\\/avis\\\/\",\"name\":\"Avis clients - Roy Automobiles\",\"isPartOf\":{\"@id\":\"https:\\\/\\\/www.royautomobiles.fr\\\/#website\"},\"datePublished\":\"2021-03-17T09:44:01+00:00\",\"dateModified\":\"2026-05-07T07:38:04+00:00\",\"description\":\"Explorez les avis clients Roy Automobiles pour des exp\u00e9riences authentiques et des recommandations sur nos services.\",\"breadcrumb\":{\"@id\":\"https:\\\/\\\/www.royautomobiles.fr\\\/index.php\\\/avis\\\/#breadcrumb\"},\"inLanguage\":\"fr-FR\",\"potentialAction\":[{\"@type\":\"ReadAction\",\"target\":[\"https:\\\/\\\/www.royautomobiles.fr\\\/index.php\\\/avis\\\/\"]}]},{\"@type\":\"BreadcrumbList\",\"@id\":\"https:\\\/\\\/www.royautomobiles.fr\\\/index.php\\\/avis\\\/#breadcrumb\",\"itemListElement\":[{\"@type\":\"ListItem\",\"position\":1,\"name\":\"Accueil\",\"item\":\"https:\\\/\\\/www.royautomobiles.fr\\\/\"},{\"@type\":\"ListItem\",\"position\":2,\"name\":\"Avis clients\"}]},{\"@type\":\"WebSite\",\"@id\":\"https:\\\/\\\/www.royautomobiles.fr\\\/#website\",\"url\":\"https:\\\/\\\/www.royautomobiles.fr\\\/\",\"name\":\"Roy Automobiles\",\"description\":\"D\u00e9pannage Remorquage Auto Loire Atlantique 44\",\"publisher\":{\"@id\":\"https:\\\/\\\/www.royautomobiles.fr\\\/#organization\"},\"potentialAction\":[{\"@type\":\"SearchAction\",\"target\":{\"@type\":\"EntryPoint\",\"urlTemplate\":\"https:\\\/\\\/www.royautomobiles.fr\\\/?s={search_term_string}\"},\"query-input\":{\"@type\":\"PropertyValueSpecification\",\"valueRequired\":true,\"valueName\":\"search_term_string\"}}],\"inLanguage\":\"fr-FR\"},{\"@type\":[\"Organization\",\"Place\",\"AutoRepair\"],\"@id\":\"https:\\\/\\\/www.royautomobiles.fr\\\/#organization\",\"name\":\"Roy Automobiles\",\"url\":\"https:\\\/\\\/www.royautomobiles.fr\\\/\",\"logo\":{\"@id\":\"https:\\\/\\\/www.royautomobiles.fr\\\/index.php\\\/avis\\\/#local-main-organization-logo\"},\"image\":{\"@id\":\"https:\\\/\\\/www.royautomobiles.fr\\\/index.php\\\/avis\\\/#local-main-organization-logo\"},\"description\":\"D\u00e9pannage remorquage auto moto utilitaire 24H24 7J7 44260 Savenay, Bou\u00e9e, Lavau sur Loire, La Chapelle Launay, Malville, Prinquiau, Donges, Cordemais, Le Temple de Bretagne, Besn\u00e9, Campbon\",\"legalName\":\"ROY AUTOMOBILES\",\"numberOfEmployees\":{\"@type\":\"QuantitativeValue\",\"minValue\":\"1\",\"maxValue\":\"10\"},\"address\":{\"@id\":\"https:\\\/\\\/www.royautomobiles.fr\\\/index.php\\\/avis\\\/#local-main-place-address\"},\"telephone\":[\"02 40 58 73 38\"],\"contactPoint\":{\"@type\":\"ContactPoint\",\"telephone\":\"02 40 58 73 38\"},\"openingHoursSpecification\":[{\"@type\":\"OpeningHoursSpecification\",\"dayOfWeek\":[\"Monday\",\"Tuesday\",\"Wednesday\",\"Thursday\",\"Friday\"],\"opens\":\"08:30\",\"closes\":\"18:00\"},{\"@type\":\"OpeningHoursSpecification\",\"dayOfWeek\":[\"Saturday\",\"Sunday\"],\"opens\":\"00:00\",\"closes\":\"00:00\"}],\"areaServed\":\"Loire-Atlantique\",\"vatID\":\"FR56428830160\",\"taxID\":\"42883016000027\",\"priceRange\":\"$$$\"},{\"@type\":\"PostalAddress\",\"@id\":\"https:\\\/\\\/www.royautomobiles.fr\\\/index.php\\\/avis\\\/#local-main-place-address\",\"streetAddress\":\"9 Rue des Ormeaux\",\"addressLocality\":\"SAVENAY\",\"postalCode\":\"44260\",\"addressCountry\":\"FR\"},{\"@type\":\"ImageObject\",\"inLanguage\":\"fr-FR\",\"@id\":\"https:\\\/\\\/www.royautomobiles.fr\\\/index.php\\\/avis\\\/#local-main-organization-logo\",\"url\":\"https:\\\/\\\/i0.wp.com\\\/www.royautomobiles.fr\\\/wp-content\\\/uploads\\\/2020\\\/09\\\/2C94876-e1600093047832.jpg?fit=1510%2C781&ssl=1\",\"contentUrl\":\"https:\\\/\\\/i0.wp.com\\\/www.royautomobiles.fr\\\/wp-content\\\/uploads\\\/2020\\\/09\\\/2C94876-e1600093047832.jpg?fit=1510%2C781&ssl=1\",\"width\":1510,\"height\":781,\"caption\":\"Roy Automobiles\"}]}<\/script>\n<meta name=\"geo.placename\" content=\"SAVENAY\" \/>\n<meta name=\"geo.region\" content=\"France\" \/>\n<!-- \/ Yoast SEO Premium plugin. -->","yoast_head_json":{"title":"Avis clients - Roy Automobiles","description":"Explorez les avis clients Roy Automobiles pour des exp\u00e9riences authentiques et des recommandations sur nos services.","robots":{"index":"index","follow":"follow","max-snippet":"max-snippet:-1","max-image-preview":"max-image-preview:large","max-video-preview":"max-video-preview:-1"},"canonical":"https:\/\/www.royautomobiles.fr\/index.php\/avis\/","og_locale":"fr_FR","og_type":"article","og_title":"Avis clients","og_description":"Explorez les avis clients Roy Automobiles pour des exp\u00e9riences authentiques et des recommandations sur nos services.","og_url":"https:\/\/www.royautomobiles.fr\/index.php\/avis\/","og_site_name":"Roy Automobiles","article_modified_time":"2026-05-07T07:38:04+00:00","twitter_card":"summary_large_image","schema":{"@context":"https:\/\/schema.org","@graph":[{"@type":"WebPage","@id":"https:\/\/www.royautomobiles.fr\/index.php\/avis\/","url":"https:\/\/www.royautomobiles.fr\/index.php\/avis\/","name":"Avis clients - Roy Automobiles","isPartOf":{"@id":"https:\/\/www.royautomobiles.fr\/#website"},"datePublished":"2021-03-17T09:44:01+00:00","dateModified":"2026-05-07T07:38:04+00:00","description":"Explorez les avis clients Roy Automobiles pour des exp\u00e9riences authentiques et des recommandations sur nos services.","breadcrumb":{"@id":"https:\/\/www.royautomobiles.fr\/index.php\/avis\/#breadcrumb"},"inLanguage":"fr-FR","potentialAction":[{"@type":"ReadAction","target":["https:\/\/www.royautomobiles.fr\/index.php\/avis\/"]}]},{"@type":"BreadcrumbList","@id":"https:\/\/www.royautomobiles.fr\/index.php\/avis\/#breadcrumb","itemListElement":[{"@type":"ListItem","position":1,"name":"Accueil","item":"https:\/\/www.royautomobiles.fr\/"},{"@type":"ListItem","position":2,"name":"Avis clients"}]},{"@type":"WebSite","@id":"https:\/\/www.royautomobiles.fr\/#website","url":"https:\/\/www.royautomobiles.fr\/","name":"Roy Automobiles","description":"D\u00e9pannage Remorquage Auto Loire Atlantique 44","publisher":{"@id":"https:\/\/www.royautomobiles.fr\/#organization"},"potentialAction":[{"@type":"SearchAction","target":{"@type":"EntryPoint","urlTemplate":"https:\/\/www.royautomobiles.fr\/?s={search_term_string}"},"query-input":{"@type":"PropertyValueSpecification","valueRequired":true,"valueName":"search_term_string"}}],"inLanguage":"fr-FR"},{"@type":["Organization","Place","AutoRepair"],"@id":"https:\/\/www.royautomobiles.fr\/#organization","name":"Roy Automobiles","url":"https:\/\/www.royautomobiles.fr\/","logo":{"@id":"https:\/\/www.royautomobiles.fr\/index.php\/avis\/#local-main-organization-logo"},"image":{"@id":"https:\/\/www.royautomobiles.fr\/index.php\/avis\/#local-main-organization-logo"},"description":"D\u00e9pannage remorquage auto moto utilitaire 24H24 7J7 44260 Savenay, Bou\u00e9e, Lavau sur Loire, La Chapelle Launay, Malville, Prinquiau, Donges, Cordemais, Le Temple de Bretagne, Besn\u00e9, Campbon","legalName":"ROY AUTOMOBILES","numberOfEmployees":{"@type":"QuantitativeValue","minValue":"1","maxValue":"10"},"address":{"@id":"https:\/\/www.royautomobiles.fr\/index.php\/avis\/#local-main-place-address"},"telephone":["02 40 58 73 38"],"contactPoint":{"@type":"ContactPoint","telephone":"02 40 58 73 38"},"openingHoursSpecification":[{"@type":"OpeningHoursSpecification","dayOfWeek":["Monday","Tuesday","Wednesday","Thursday","Friday"],"opens":"08:30","closes":"18:00"},{"@type":"OpeningHoursSpecification","dayOfWeek":["Saturday","Sunday"],"opens":"00:00","closes":"00:00"}],"areaServed":"Loire-Atlantique","vatID":"FR56428830160","taxID":"42883016000027","priceRange":"$$$"},{"@type":"PostalAddress","@id":"https:\/\/www.royautomobiles.fr\/index.php\/avis\/#local-main-place-address","streetAddress":"9 Rue des Ormeaux","addressLocality":"SAVENAY","postalCode":"44260","addressCountry":"FR"},{"@type":"ImageObject","inLanguage":"fr-FR","@id":"https:\/\/www.royautomobiles.fr\/index.php\/avis\/#local-main-organization-logo","url":"https:\/\/i0.wp.com\/www.royautomobiles.fr\/wp-content\/uploads\/2020\/09\/2C94876-e1600093047832.jpg?fit=1510%2C781&ssl=1","contentUrl":"https:\/\/i0.wp.com\/www.royautomobiles.fr\/wp-content\/uploads\/2020\/09\/2C94876-e1600093047832.jpg?fit=1510%2C781&ssl=1","width":1510,"height":781,"caption":"Roy Automobiles"}]},"geo.placename":"SAVENAY","geo.region":"France"},"jetpack_sharing_enabled":true,"_links":{"self":[{"href":"https:\/\/www.royautomobiles.fr\/index.php\/wp-json\/wp\/v2\/pages\/4996","targetHints":{"allow":["GET"]}}],"collection":[{"href":"https:\/\/www.royautomobiles.fr\/index.php\/wp-json\/wp\/v2\/pages"}],"about":[{"href":"https:\/\/www.royautomobiles.fr\/index.php\/wp-json\/wp\/v2\/types\/page"}],"author":[{"embeddable":true,"href":"https:\/\/www.royautomobiles.fr\/index.php\/wp-json\/wp\/v2\/users\/1"}],"replies":[{"embeddable":true,"href":"https:\/\/www.royautomobiles.fr\/index.php\/wp-json\/wp\/v2\/comments?post=4996"}],"version-history":[{"count":2,"href":"https:\/\/www.royautomobiles.fr\/index.php\/wp-json\/wp\/v2\/pages\/4996\/revisions"}],"predecessor-version":[{"id":5071,"href":"https:\/\/www.royautomobiles.fr\/index.php\/wp-json\/wp\/v2\/pages\/4996\/revisions\/5071"}],"wp:attachment":[{"href":"https:\/\/www.royautomobiles.fr\/index.php\/wp-json\/wp\/v2\/media?parent=4996"}],"curies":[{"name":"wp","href":"https:\/\/api.w.org\/{rel}","templated":true}]}}